{"id":62,"date":"2024-04-21T18:17:32","date_gmt":"2024-04-21T18:17:32","guid":{"rendered":"https:\/\/dev.brfporten4.se\/blog\/?page_id=62"},"modified":"2024-04-21T18:17:32","modified_gmt":"2024-04-21T18:17:32","slug":"styrelsen","status":"publish","type":"page","link":"https:\/\/dev.brfporten4.se\/blog\/?page_id=62","title":{"rendered":"Styrelsen"},"content":{"rendered":"\n<p class=\"has-text-align-center\"><strong>Ni n\u00e5r alltid styrelsen b\u00e4st via mail: info@brfporten4.se<\/strong><\/p>\n\n\n\n<p>Sedan \u00e5rsst\u00e4mman i juni 2023 best\u00e5r styrelsen av<\/p>\n\n\n\n<div class=\"wp-block-columns is-layout-flex wp-container-core-columns-is-layout-1 wp-block-columns-is-layout-flex\">\n<div class=\"wp-block-column is-layout-flow wp-block-column-is-layout-flow\">\n<p><strong>Ordf\u00f6rande&nbsp;<\/strong><\/p>\n\n\n\n<p>Fredrik Backman<br>Tel: 076-786 28 82<br>E-post: frba1972@gmail.com<\/p>\n<\/div>\n\n\n\n<div class=\"wp-block-column is-layout-flow wp-block-column-is-layout-flow\">\n<p><strong>Kass\u00f6r<\/strong><\/p>\n\n\n\n<p>Mikael Dahlberg<br>Tel: 070-340 48 29<br>E-post: md@certuskonsult.se<\/p>\n<\/div>\n<\/div>\n\n\n\n<div class=\"wp-block-columns is-layout-flex wp-container-core-columns-is-layout-2 wp-block-columns-is-layout-flex\">\n<div class=\"wp-block-column is-layout-flow wp-block-column-is-layout-flow\">\n<p><strong>Vice ordf\u00f6rande\/Lokalansvarig<\/strong><\/p>\n\n\n\n<p>Richard Berg<br>E-post: brfporten4@simple.xiii.nu<\/p>\n<\/div>\n\n\n\n<div class=\"wp-block-column is-layout-flow wp-block-column-is-layout-flow\">\n<p><strong>Fastighetsansvarig&nbsp;<\/strong><\/p>\n\n\n\n<p>Carl Bergstr\u00f6m<br>Tel:&nbsp; 070-693 80 67<br>E-post: Carl.Bergstrom@gmail.com<\/p>\n<\/div>\n<\/div>\n\n\n\n<div class=\"wp-block-columns is-layout-flex wp-container-core-columns-is-layout-3 wp-block-columns-is-layout-flex\">\n<div class=\"wp-block-column is-layout-flow wp-block-column-is-layout-flow\">\n<p><strong>Informationsansvarig<\/strong><\/p>\n\n\n\n<p>Tobias Engborg<br>Tel: 072-323 04 04<br>E-post: engborgtobias@gmail.com<\/p>\n<\/div>\n\n\n\n<div class=\"wp-block-column is-layout-flow wp-block-column-is-layout-flow\">\n<p><strong>Suppleant(er)<\/strong><\/p>\n\n\n\n<p>Anders St\u00e5hlhandske<\/p>\n<\/div>\n<\/div>\n\n\n\n<p class=\"has-text-align-center\"><strong>Ni n\u00e5r alltid styrelsen b\u00e4st via mail: info@brfporten4.se<\/strong><\/p>\n","protected":false},"excerpt":{"rendered":"<p>Ni n\u00e5r alltid styrelsen b\u00e4st via mail: info@brfporten4.se Sedan \u00e5rsst\u00e4mman i juni 2023 best\u00e5r styrelsen av Ordf\u00f6rande&nbsp; Fredrik BackmanTel: 076-786 &hellip; <a href=\"https:\/\/dev.brfporten4.se\/blog\/?page_id=62\" class=\"more-link\">Continue reading <span class=\"screen-reader-text\">Styrelsen<\/span><\/a><\/p>\n","protected":false},"author":1,"featured_media":0,"parent":0,"menu_order":0,"comment_status":"closed","ping_status":"closed","template":"","meta":{"footnotes":""},"jetpack_sharing_enabled":true,"_links":{"self":[{"href":"https:\/\/dev.brfporten4.se\/blog\/index.php?rest_route=\/wp\/v2\/pages\/62"}],"collection":[{"href":"https:\/\/dev.brfporten4.se\/blog\/index.php?rest_route=\/wp\/v2\/pages"}],"about":[{"href":"https:\/\/dev.brfporten4.se\/blog\/index.php?rest_route=\/wp\/v2\/types\/page"}],"author":[{"embeddable":true,"href":"https:\/\/dev.brfporten4.se\/blog\/index.php?rest_route=\/wp\/v2\/users\/1"}],"replies":[{"embeddable":true,"href":"https:\/\/dev.brfporten4.se\/blog\/index.php?rest_route=%2Fwp%2Fv2%2Fcomments&post=62"}],"version-history":[{"count":1,"href":"https:\/\/dev.brfporten4.se\/blog\/index.php?rest_route=\/wp\/v2\/pages\/62\/revisions"}],"predecessor-version":[{"id":63,"href":"https:\/\/dev.brfporten4.se\/blog\/index.php?rest_route=\/wp\/v2\/pages\/62\/revisions\/63"}],"wp:attachment":[{"href":"https:\/\/dev.brfporten4.se\/blog\/index.php?rest_route=%2Fwp%2Fv2%2Fmedia&parent=62"}],"curies":[{"name":"wp","href":"https:\/\/api.w.org\/{rel}","templated":true}]}}