{"id":61,"date":"2024-04-21T18:18:59","date_gmt":"2024-04-21T18:18:59","guid":{"rendered":"https:\/\/dev.brfporten4.se\/blog\/?page_id=61"},"modified":"2024-04-21T18:18:59","modified_gmt":"2024-04-21T18:18:59","slug":"kontakt-felanmalan","status":"publish","type":"page","link":"https:\/\/dev.brfporten4.se\/blog\/?page_id=61","title":{"rendered":"Kontakt &#038; felanm\u00e4lan"},"content":{"rendered":"\n<p>Beroende p\u00e5 vilket fel eller \u00e4rende som uppst\u00e5tt finns det olika kontaktv\u00e4gar. F\u00f6r snabbast m\u00f6jliga hj\u00e4lp \u00e4r det viktigt att du direkt kontaktar r\u00e4tt person. Om du \u00e4r os\u00e4ker kan du kontakta styrelsen f\u00f6r att f\u00e5 hj\u00e4lp med vilken \u00e5tg\u00e4rd som kan vara l\u00e4mpligast i just din situation.<\/p>\n\n\n\n<h2 class=\"wp-block-heading\">St\u00f6rningar<\/h2>\n\n\n\n<p>Vid st\u00f6rning fr\u00e5n grannar eller liknande, var v\u00e4nlig kontakta styrelsen per mail, brfporten4@gmail.com. Alla st\u00f6rningar journalf\u00f6rs.&nbsp;Vid akuta h\u00e4ndelse som inbrott, misshandel eller dylikt ring SOS Alarm p\u00e5&nbsp;112.<\/p>\n\n\n\n<h2 class=\"wp-block-heading\">Styrelsen<\/h2>\n\n\n\n<p>Styrelsen har ansvar f\u00f6r att f\u00f6reningens organisation och ekonomi sk\u00f6ts p\u00e5 ett tillfredsst\u00e4llande s\u00e4tt.<\/p>\n\n\n\n<p><a href=\"https:\/\/dev.brfporten4.se\/blog\/?page_id=62\">Se vilka som sitter i styrelsen samt deras kontaktuppgifter<\/a><\/p>\n\n\n\n<h2 class=\"wp-block-heading\">Valberedning<\/h2>\n\n\n\n<p>Valberedningens fr\u00e4msta arbetsuppgift \u00e4r att ge f\u00f6rslag till nya f\u00f6rtroendevalda.<\/p>\n\n\n\n<p><a href=\"https:\/\/dev.brfporten4.se\/blog\/?page_id=64\">Se vilka som sitter i valberedningen samt deras kontaktuppgifter<\/a><\/p>\n\n\n\n<h2 class=\"wp-block-heading\">Hemsidan<\/h2>\n\n\n\n<p>Har du n\u00e5gra f\u00f6rslag p\u00e5 f\u00f6r\u00e4ndringar eller tips p\u00e5 nyheter s\u00e5\u00a0<a href=\"https:\/\/dev.brfporten4.se\/blog\/?page_id=62\">kontakta styrelsen<\/a>.<\/p>\n","protected":false},"excerpt":{"rendered":"<p>Beroende p\u00e5 vilket fel eller \u00e4rende som uppst\u00e5tt finns det olika kontaktv\u00e4gar. F\u00f6r snabbast m\u00f6jliga hj\u00e4lp \u00e4r det viktigt att &hellip; <a href=\"https:\/\/dev.brfporten4.se\/blog\/?page_id=61\" class=\"more-link\">Continue reading <span class=\"screen-reader-text\">Kontakt &#038; felanm\u00e4lan<\/span><\/a><\/p>\n","protected":false},"author":1,"featured_media":0,"parent":0,"menu_order":0,"comment_status":"closed","ping_status":"closed","template":"","meta":{"footnotes":""},"jetpack_sharing_enabled":true,"_links":{"self":[{"href":"https:\/\/dev.brfporten4.se\/blog\/index.php?rest_route=\/wp\/v2\/pages\/61"}],"collection":[{"href":"https:\/\/dev.brfporten4.se\/blog\/index.php?rest_route=\/wp\/v2\/pages"}],"about":[{"href":"https:\/\/dev.brfporten4.se\/blog\/index.php?rest_route=\/wp\/v2\/types\/page"}],"author":[{"embeddable":true,"href":"https:\/\/dev.brfporten4.se\/blog\/index.php?rest_route=\/wp\/v2\/users\/1"}],"replies":[{"embeddable":true,"href":"https:\/\/dev.brfporten4.se\/blog\/index.php?rest_route=%2Fwp%2Fv2%2Fcomments&post=61"}],"version-history":[{"count":1,"href":"https:\/\/dev.brfporten4.se\/blog\/index.php?rest_route=\/wp\/v2\/pages\/61\/revisions"}],"predecessor-version":[{"id":66,"href":"https:\/\/dev.brfporten4.se\/blog\/index.php?rest_route=\/wp\/v2\/pages\/61\/revisions\/66"}],"wp:attachment":[{"href":"https:\/\/dev.brfporten4.se\/blog\/index.php?rest_route=%2Fwp%2Fv2%2Fmedia&parent=61"}],"curies":[{"name":"wp","href":"https:\/\/api.w.org\/{rel}","templated":true}]}}