{"id":59,"date":"2024-04-21T18:12:03","date_gmt":"2024-04-21T18:12:03","guid":{"rendered":"https:\/\/dev.brfporten4.se\/blog\/?page_id=59"},"modified":"2024-04-21T18:12:03","modified_gmt":"2024-04-21T18:12:03","slug":"stadgar","status":"publish","type":"page","link":"https:\/\/dev.brfporten4.se\/blog\/?page_id=59","title":{"rendered":"Stadgar"},"content":{"rendered":"\n<p>En bostadsr\u00e4ttsf\u00f6renings stadgar \u00e4r f\u00f6reningens interna regelverk som inneh\u00e5ller s\u00e4rskilda regler f\u00f6r f\u00f6reningen, bland annat g\u00e4llande medlemskap, avgifter, f\u00f6reningsst\u00e4mma och styrelse.<\/p>\n\n\n\n<p>De nuvarande stadgarna f\u00f6r Bostadsr\u00e4ttsf\u00f6reningen PORTEN 4 i Solna (2019-05-22) g\u00e5r att\u00a0<a href=\"https:\/\/dev.brfporten4.se\/blog\/wp-content\/uploads\/2024\/04\/StadgarbrfPorten42019-1-1.pdf\">ladda ner h\u00e4r<\/a>.<\/p>\n\n\n\n<p>En bostadsr\u00e4ttsf\u00f6renings stadgar kan inte mots\u00e4ga en tvingande lagtext, ex. g\u00e4llande till\u00e4mpliga delar av Bostadsr\u00e4ttslagen samt Lagen om ekonomiska f\u00f6reningar. Mer information om lagar och f\u00f6rordningar f\u00f6r bostadsr\u00e4ttsf\u00f6reningar finns hos&nbsp;<a href=\"https:\/\/bolagsverket.se\/fo\/foreningsformer\/bostadsrattsforening\/lagarbrf-1.8131\">Bolagsverket<\/a>.<\/p>\n","protected":false},"excerpt":{"rendered":"<p>En bostadsr\u00e4ttsf\u00f6renings stadgar \u00e4r f\u00f6reningens interna regelverk som inneh\u00e5ller s\u00e4rskilda regler f\u00f6r f\u00f6reningen, bland annat g\u00e4llande medlemskap, avgifter, f\u00f6reningsst\u00e4mma och &hellip; <a href=\"https:\/\/dev.brfporten4.se\/blog\/?page_id=59\" class=\"more-link\">Continue reading <span class=\"screen-reader-text\">Stadgar<\/span><\/a><\/p>\n","protected":false},"author":1,"featured_media":0,"parent":0,"menu_order":0,"comment_status":"closed","ping_status":"closed","template":"","meta":{"footnotes":""},"jetpack_sharing_enabled":true,"_links":{"self":[{"href":"https:\/\/dev.brfporten4.se\/blog\/index.php?rest_route=\/wp\/v2\/pages\/59"}],"collection":[{"href":"https:\/\/dev.brfporten4.se\/blog\/index.php?rest_route=\/wp\/v2\/pages"}],"about":[{"href":"https:\/\/dev.brfporten4.se\/blog\/index.php?rest_route=\/wp\/v2\/types\/page"}],"author":[{"embeddable":true,"href":"https:\/\/dev.brfporten4.se\/blog\/index.php?rest_route=\/wp\/v2\/users\/1"}],"replies":[{"embeddable":true,"href":"https:\/\/dev.brfporten4.se\/blog\/index.php?rest_route=%2Fwp%2Fv2%2Fcomments&post=59"}],"version-history":[{"count":1,"href":"https:\/\/dev.brfporten4.se\/blog\/index.php?rest_route=\/wp\/v2\/pages\/59\/revisions"}],"predecessor-version":[{"id":60,"href":"https:\/\/dev.brfporten4.se\/blog\/index.php?rest_route=\/wp\/v2\/pages\/59\/revisions\/60"}],"wp:attachment":[{"href":"https:\/\/dev.brfporten4.se\/blog\/index.php?rest_route=%2Fwp%2Fv2%2Fmedia&parent=59"}],"curies":[{"name":"wp","href":"https:\/\/api.w.org\/{rel}","templated":true}]}}